{"id":47,"date":"2023-10-18T10:44:48","date_gmt":"2023-10-18T10:44:48","guid":{"rendered":"https:\/\/doctorat.usm.md\/stiintealenaturii\/?page_id=47"},"modified":"2023-10-26T10:16:09","modified_gmt":"2023-10-26T10:16:09","slug":"acte-normative-nationale","status":"publish","type":"page","link":"https:\/\/doctorat.usm.md\/stiintealenaturii\/?page_id=47","title":{"rendered":"Acte normative na\u021bionale"},"content":{"rendered":"<ul>\n<li><a href=\"https:\/\/www.legis.md\/cautare\/getResults?doc_id=115655&amp;lang=ro\"><strong>Regulamentul<\/strong>\u00a0<strong>privind organizarea studiilor<\/strong>\u00a0<strong>superioare de doctorat, ciclul III<\/strong><\/a><\/li>\n<li><a href=\"https:\/\/www.legis.md\/cautare\/getResults?doc_id=108613&amp;lang=ro\"><strong>Regulament<\/strong><strong>\u00a0de organizare \u015fi desf\u0103\u015furare a programelor de postdoctorat<\/strong><\/a><\/li>\n<li><a href=\"https:\/\/www.legis.md\/cautare\/getResults?doc_id=118490&amp;lang=ro\"><strong>Metodologia<\/strong>\u00a0<strong>de conferire \u0219i confirmare a titlurilor \u0219tiin\u021bifice<\/strong><\/a><\/li>\n<\/ul>\n<p><a class=\"mtli_attachment mtli_pdf mtli_attachment mtli_pdf mtli_attachment mtli_pdf\" href=\"https:\/\/anacec.md\/files\/Ordin-mecc_regulament_calificative.pdf\"><strong>Regulamentul de atribuire a calificativelor tezelor de doctorat<\/strong><\/a><\/p>\n<p><a class=\"mtli_attachment mtli_pdf mtli_attachment mtli_pdf mtli_attachment mtli_pdf\" href=\"https:\/\/mecc.gov.md\/sites\/default\/files\/plan_cadru_doctorat.pdf\"><strong>Plan-cadru pentru studiile superioare de doctorat, ciclul III<\/strong><\/a><\/p>\n<p><a class=\"mtli_attachment mtli_pdf mtli_attachment mtli_pdf mtli_attachment mtli_pdf\" href=\"https:\/\/anacec.md\/files\/Tipuri-lucrari-acceptate-27.12.2019.pdf\"><strong>Tipurile de lucr\u0103ri acceptate de c\u0103tre Agen\u021bia Na\u021bional\u0103 de Asigurare a Calit\u0103\u021bii \u00een Educa\u021bie \u0219i Cercetare \u00een vederea confirm\u0103rii titlurilor \u0219tiin\u021bifice<\/strong><\/a><\/p>\n<p><a class=\"mtli_attachment mtli_pdf mtli_attachment mtli_pdf mtli_attachment mtli_pdf\" href=\"https:\/\/anacec.md\/files\/Lista-baze-date-27.12.2019.pdf\"><strong>Lista bazelor de date acceptate de c\u0103tre Agen\u021bia Na\u021bional\u0103 de Asigurare a Calit\u0103\u021bii \u00een Educa\u021bie \u0219i Cercetare pentru publicarea rezultatelor \u00een vederea confirm\u0103rii titlurilor \u0219tiin\u021bifice<\/strong><\/a><\/p>\n","protected":false},"excerpt":{"rendered":"<p>Regulamentul\u00a0privind organizarea studiilor\u00a0superioare de doctorat, ciclul III Regulament\u00a0de organizare \u015fi desf\u0103\u015furare a programelor de postdoctorat Metodologia\u00a0de conferire \u0219i confirmare a titlurilor \u0219tiin\u021bifice Regulamentul de atribuire a calificativelor tezelor de doctorat Plan-cadru pentru studiile superioare de doctorat, ciclul III Tipurile de lucr\u0103ri acceptate de c\u0103tre Agen\u021bia Na\u021bional\u0103 de Asigurare a Calit\u0103\u021bii \u00een Educa\u021bie \u0219i Cercetare \u00een&hellip; <br \/> <a class=\"read-more\" href=\"https:\/\/doctorat.usm.md\/stiintealenaturii\/?page_id=47\">Cite\u0219te mai mult<\/a><\/p>\n","protected":false},"author":1,"featured_media":0,"parent":0,"menu_order":0,"comment_status":"closed","ping_status":"closed","template":"","meta":{"footnotes":""},"class_list":["post-47","page","type-page","status-publish","hentry"],"rttpg_featured_image_url":null,"rttpg_author":{"display_name":"","author_link":"https:\/\/doctorat.usm.md\/stiintealenaturii\/?author=1"},"rttpg_comment":0,"rttpg_category":null,"rttpg_excerpt":"Regulamentul\u00a0privind organizarea studiilor\u00a0superioare de doctorat, ciclul III Regulament\u00a0de organizare \u015fi desf\u0103\u015furare a programelor de postdoctorat Metodologia\u00a0de conferire \u0219i confirmare a titlurilor \u0219tiin\u021bifice Regulamentul de atribuire a calificativelor tezelor de doctorat Plan-cadru pentru studiile superioare de doctorat, ciclul III Tipurile de lucr\u0103ri acceptate de c\u0103tre Agen\u021bia Na\u021bional\u0103 de Asigurare a Calit\u0103\u021bii \u00een Educa\u021bie \u0219i Cercetare \u00een&hellip;&hellip;","_links":{"self":[{"href":"https:\/\/doctorat.usm.md\/stiintealenaturii\/index.php?rest_route=\/wp\/v2\/pages\/47","targetHints":{"allow":["GET"]}}],"collection":[{"href":"https:\/\/doctorat.usm.md\/stiintealenaturii\/index.php?rest_route=\/wp\/v2\/pages"}],"about":[{"href":"https:\/\/doctorat.usm.md\/stiintealenaturii\/index.php?rest_route=\/wp\/v2\/types\/page"}],"author":[{"embeddable":true,"href":"https:\/\/doctorat.usm.md\/stiintealenaturii\/index.php?rest_route=\/wp\/v2\/users\/1"}],"replies":[{"embeddable":true,"href":"https:\/\/doctorat.usm.md\/stiintealenaturii\/index.php?rest_route=%2Fwp%2Fv2%2Fcomments&post=47"}],"version-history":[{"count":2,"href":"https:\/\/doctorat.usm.md\/stiintealenaturii\/index.php?rest_route=\/wp\/v2\/pages\/47\/revisions"}],"predecessor-version":[{"id":1346,"href":"https:\/\/doctorat.usm.md\/stiintealenaturii\/index.php?rest_route=\/wp\/v2\/pages\/47\/revisions\/1346"}],"wp:attachment":[{"href":"https:\/\/doctorat.usm.md\/stiintealenaturii\/index.php?rest_route=%2Fwp%2Fv2%2Fmedia&parent=47"}],"curies":[{"name":"wp","href":"https:\/\/api.w.org\/{rel}","templated":true}]}}