{"id":73,"date":"2022-11-09T16:56:07","date_gmt":"2022-11-09T13:56:07","guid":{"rendered":"https:\/\/doctorat.usm.md\/umanistice\/?page_id=73"},"modified":"2025-11-27T15:13:33","modified_gmt":"2025-11-27T12:13:33","slug":"plan-de-invatamant","status":"publish","type":"page","link":"https:\/\/doctorat.usm.md\/umanistice\/?page_id=73","title":{"rendered":"Plan de \u00eenv\u0103\u021b\u0103m\u00e2nt"},"content":{"rendered":"<p><a href=\"https:\/\/doctorat.usm.md\/umanistice\/?page_id=974&amp;lang=en\"><strong>Planuri de \u00eenv\u0103\u021b\u0103m\u00e2nt pentru anul de studii 2025-2026<\/strong><\/a><\/p>\n<p><strong><a href=\"https:\/\/doctorat.usm.md\/umanistice\/?page_id=855\">Planuri de \u00eenv\u0103\u021b\u0103m\u00e2nt pentru anul de studii 2024-2025<\/a><\/strong><\/p>\n<p><strong><a href=\"https:\/\/doctorat.usm.md\/umanistice\/?page_id=609\">Planuri de \u00eenv\u0103\u021b\u0103m\u00e2nt pentru anul de studii 2022-2023<\/a><\/strong><\/p>\n<p><a href=\"https:\/\/doctorat.usm.md\/umanistice\/?page_id=611\"><strong>Planuri de \u00eenv\u0103\u021b\u0103m\u00e2nt pentru anul de studii 2023-2024<\/strong><\/a><\/p>\n","protected":false},"excerpt":{"rendered":"<p>Planuri de \u00eenv\u0103\u021b\u0103m\u00e2nt pentru anul de studii 2025-2026 Planuri de \u00eenv\u0103\u021b\u0103m\u00e2nt pentru anul de studii 2024-2025 Planuri de \u00eenv\u0103\u021b\u0103m\u00e2nt pentru anul de studii 2022-2023 Planuri de \u00eenv\u0103\u021b\u0103m\u00e2nt pentru anul de studii 2023-2024<\/p>\n","protected":false},"author":1,"featured_media":0,"parent":0,"menu_order":0,"comment_status":"closed","ping_status":"closed","template":"","meta":{"footnotes":""},"class_list":["post-73","page","type-page","status-publish","hentry"],"rttpg_featured_image_url":null,"rttpg_author":{"display_name":"mastermargarita","author_link":"https:\/\/doctorat.usm.md\/umanistice\/?author=1"},"rttpg_comment":0,"rttpg_category":null,"rttpg_excerpt":"Planuri de \u00eenv\u0103\u021b\u0103m\u00e2nt pentru anul de studii 2025-2026 Planuri de \u00eenv\u0103\u021b\u0103m\u00e2nt pentru anul de studii 2024-2025 Planuri de \u00eenv\u0103\u021b\u0103m\u00e2nt pentru anul de studii 2022-2023 Planuri de \u00eenv\u0103\u021b\u0103m\u00e2nt pentru anul de studii 2023-2024","_links":{"self":[{"href":"https:\/\/doctorat.usm.md\/umanistice\/index.php?rest_route=\/wp\/v2\/pages\/73","targetHints":{"allow":["GET"]}}],"collection":[{"href":"https:\/\/doctorat.usm.md\/umanistice\/index.php?rest_route=\/wp\/v2\/pages"}],"about":[{"href":"https:\/\/doctorat.usm.md\/umanistice\/index.php?rest_route=\/wp\/v2\/types\/page"}],"author":[{"embeddable":true,"href":"https:\/\/doctorat.usm.md\/umanistice\/index.php?rest_route=\/wp\/v2\/users\/1"}],"replies":[{"embeddable":true,"href":"https:\/\/doctorat.usm.md\/umanistice\/index.php?rest_route=%2Fwp%2Fv2%2Fcomments&post=73"}],"version-history":[{"count":9,"href":"https:\/\/doctorat.usm.md\/umanistice\/index.php?rest_route=\/wp\/v2\/pages\/73\/revisions"}],"predecessor-version":[{"id":984,"href":"https:\/\/doctorat.usm.md\/umanistice\/index.php?rest_route=\/wp\/v2\/pages\/73\/revisions\/984"}],"wp:attachment":[{"href":"https:\/\/doctorat.usm.md\/umanistice\/index.php?rest_route=%2Fwp%2Fv2%2Fmedia&parent=73"}],"curies":[{"name":"wp","href":"https:\/\/api.w.org\/{rel}","templated":true}]}}