{"id":855,"date":"2024-11-20T16:24:54","date_gmt":"2024-11-20T13:24:54","guid":{"rendered":"https:\/\/doctorat.usm.md\/umanistice\/?page_id=855"},"modified":"2024-11-20T16:24:54","modified_gmt":"2024-11-20T13:24:54","slug":"planuri-de-invatamant-pentru-anul-de-studii-2024-2025","status":"publish","type":"page","link":"https:\/\/doctorat.usm.md\/umanistice\/?page_id=855","title":{"rendered":"Planuri de \u00eenv\u0103\u021b\u0103m\u00e2nt pentru anul de studii 2024-2025"},"content":{"rendered":"<p><strong><a href=\"https:\/\/doctorat.usm.md\/umanistice\/wp-content\/uploads\/2024\/11\/Plan-de-invatamant_022.2-Istorie-si-arheologie_Istoria-stiintei-si-tehnicii-pe-domenii-fr-2024-2025.docx\">Plan de \u00eenv\u0103\u021b\u0103m\u00e2nt_022.2 Istorie \u0219i arheologie_Istoria \u0219tiin\u021bei \u0219i tehnicii (pe domenii) (fr) 2024-2025<\/a> <\/strong><\/p>\n<p><strong><a href=\"https:\/\/doctorat.usm.md\/umanistice\/wp-content\/uploads\/2024\/11\/Plan-de-invatamant_022.2-Istorie-si-arheologie_Istoria-romanilor-pe-perioade-zi-2024-2025.docx\">Plan de \u00eenv\u0103\u021b\u0103m\u00e2nt_022.2 Istorie \u0219i arheologie_Istoria rom\u00e2nilor (pe perioade) (zi) 2024-2025<\/a> <\/strong><\/p>\n<p><strong><a href=\"https:\/\/doctorat.usm.md\/umanistice\/wp-content\/uploads\/2024\/11\/Plan-de-invatamant_022.2-Istorie-si-arheologie_Istoria-romanilor-pe-perioade-fr-2024-2025.docx\">Plan de \u00eenv\u0103\u021b\u0103m\u00e2nt_022.2 Istorie \u0219i arheologie_Istoria rom\u00e2nilor (pe perioade) (fr) 2024-2025<\/a> <\/strong><\/p>\n<p><strong><a href=\"https:\/\/doctorat.usm.md\/umanistice\/wp-content\/uploads\/2024\/11\/Plan-de-invatamant_022.2-Istorie-si-arheologie_Arheologia-fr-2024-2025.docx\">Plan de \u00eenv\u0103\u021b\u0103m\u00e2nt_022.2 Istorie \u0219i arheologie_Arheologia (fr) 2024-2025<\/a> <\/strong><\/p>\n<p><strong><a href=\"https:\/\/doctorat.usm.md\/umanistice\/wp-content\/uploads\/2024\/11\/Plan-de-invatamant_022.2-Istorie-si-arheologie_Arheologia-zi-2024-2025.docx\">Plan de \u00eenv\u0103\u021b\u0103m\u00e2nt_022.2 Istorie \u0219i arheologie_Arheologia (zi) 2024-2025<\/a> <\/strong><\/p>\n<p><strong><a href=\"https:\/\/doctorat.usm.md\/umanistice\/wp-content\/uploads\/2024\/11\/Plan-de-invatamant_011.1-Stiinte-ale-educatiei_Teoria-generala-a-educatiei-zi-2024-2025.docx\">Plan de \u00eenv\u0103\u021b\u0103m\u00e2nt_011.1 \u0218tiin\u021be ale educa\u021biei_Teoria general\u0103 a educa\u021biei (zi) 2024-2025<\/a> <\/strong><\/p>\n<p><strong><a href=\"https:\/\/doctorat.usm.md\/umanistice\/wp-content\/uploads\/2024\/11\/Plan-de-invatamant_011.1-Stiinte-ale-educatiei_Teoria-generala-a-educatiei-fr-2024-2025.docx\">Plan de \u00eenv\u0103\u021b\u0103m\u00e2nt_011.1 \u0218tiin\u021be ale educa\u021biei_Teoria general\u0103 a educa\u021biei (fr) 2024-2025<\/a> <\/strong><\/p>\n<p><strong><a href=\"https:\/\/doctorat.usm.md\/umanistice\/wp-content\/uploads\/2024\/11\/Plan-de-invatamant_023.1.-Filologie_Teoria-literaturii-zi-2024-2025.docx\">Plan de \u00eenv\u0103\u021b\u0103m\u00e2nt_023.1. Filologie_Teoria literaturii (zi) 2024-2025<\/a> <\/strong><\/p>\n<p><strong><a href=\"https:\/\/doctorat.usm.md\/umanistice\/wp-content\/uploads\/2024\/11\/Plan-de-invatamant_023.1.-Filologie_Teoria-textului-analiza-discursului-stilistica-fr-2024-2025.docx\">Plan de \u00eenv\u0103\u021b\u0103m\u00e2nt_023.1. Filologie_Teoria textului, analiza discursului, stilistic\u0103 (fr) 2024-2025<\/a> <\/strong><\/p>\n<p><strong><a href=\"https:\/\/doctorat.usm.md\/umanistice\/wp-content\/uploads\/2024\/11\/Plan-de-invatamant_023.1.-Filologie_Lexicologie-si-lexicografie-terminologie-si-limbaje-specializate-traductologiefr_2024-2025.docx\">Plan de \u00eenv\u0103\u021b\u0103m\u00e2nt_023.1. Filologie_Lexicologie \u0219i lexicografie; terminologie \u0219i limbaje specializate; traductologie(fr)_2024-2025<\/a> <\/strong><\/p>\n<p><strong><a href=\"https:\/\/doctorat.usm.md\/umanistice\/wp-content\/uploads\/2024\/11\/Plan-de-invatamant_023.1.-Filologie_Lexicologie-si-lexicografie-terminologie-si-limbaje-specializate-traductologiezi_2024-2025.docx\">Plan de \u00eenv\u0103\u021b\u0103m\u00e2nt_023.1. Filologie_Lexicologie \u0219i lexicografie; terminologie \u0219i limbaje specializate; traductologie(zi)_2024-2025<\/a> <\/strong><\/p>\n<p><strong><a href=\"https:\/\/doctorat.usm.md\/umanistice\/wp-content\/uploads\/2024\/11\/Plan-de-invatamant_023.1.-Filologie_Literatura-romana-fr-2024-2025.docx\">Plan de \u00eenv\u0103\u021b\u0103m\u00e2nt_023.1. Filologie_Literatur\u0103 rom\u00e2n\u0103 (fr) 2024-2025<\/a> <\/strong><\/p>\n<p><strong><a href=\"https:\/\/doctorat.usm.md\/umanistice\/wp-content\/uploads\/2024\/11\/Plan-de-invatamant_023.1.-Filologie_Literatura-romana-zi-2024-2025.docx\">Plan de \u00eenv\u0103\u021b\u0103m\u00e2nt_023.1. Filologie_Literatur\u0103 rom\u00e2n\u0103 (zi) 2024-2025<\/a> <\/strong><\/p>\n<p><strong><a href=\"https:\/\/doctorat.usm.md\/umanistice\/wp-content\/uploads\/2024\/11\/Plan-de-invatamant_023.1.-Filologie_Literatura-universala-si-comparata-zi-2024-2025.docx\">Plan de \u00eenv\u0103\u021b\u0103m\u00e2nt_023.1. Filologie_Literatura universal\u0103 \u0219i comparat\u0103 (zi) 2024-2025<\/a> <\/strong><\/p>\n<p><strong><a href=\"https:\/\/doctorat.usm.md\/umanistice\/wp-content\/uploads\/2024\/11\/Plan-de-invatamant_023.1.-Filologie_Literatura-universala-si-comparata-fr-2024-2025.docx\">Plan de \u00eenv\u0103\u021b\u0103m\u00e2nt_023.1. Filologie_Literatura universal\u0103 \u0219i comparat\u0103 (fr) 2024-2025<\/a> <\/strong><\/p>\n<p><strong><a href=\"https:\/\/doctorat.usm.md\/umanistice\/wp-content\/uploads\/2024\/11\/Plan-de-invatamant_023.1.-Filologie_Teoria-literaturii-fr-2024-2025.docx\">Plan de \u00eenv\u0103\u021b\u0103m\u00e2nt_023.1. Filologie_Teoria literaturii (fr) 2024-2025<\/a> <\/strong><\/p>\n<p><strong><a href=\"https:\/\/doctorat.usm.md\/umanistice\/wp-content\/uploads\/2024\/11\/Plan-de-invatamant_023.1.-Filologie_Teoria-textului-analiza-discursului-stilistica-zi-2024-2025.docx\">Plan de \u00eenv\u0103\u021b\u0103m\u00e2nt_023.1. Filologie_Teoria textului, analiza discursului, stilistic\u0103 (zi) 2024-2025<\/a> <\/strong><\/p>\n<p><strong><a href=\"https:\/\/doctorat.usm.md\/umanistice\/wp-content\/uploads\/2024\/11\/Plan-de-invatamant_022.3-Filozofie_Filosofia-sociala-antropologie-zi-2024-2025.docx\">Plan de \u00eenv\u0103\u021b\u0103m\u00e2nt_022.3 Filozofie_Filosofia social\u0103, antropologie (zi) 2024-2025<\/a> <\/strong><\/p>\n<p><strong><a href=\"https:\/\/doctorat.usm.md\/umanistice\/wp-content\/uploads\/2024\/11\/Plan-de-invatamant_022.3-Filozofie_Filosofia-sociala-antropologie-fr-2024-2025.docx\">Plan de \u00eenv\u0103\u021b\u0103m\u00e2nt_022.3 Filozofie_Filosofia social\u0103, antropologie (fr) 2024-2025<\/a> <\/strong><\/p>\n<p><strong><a href=\"https:\/\/doctorat.usm.md\/umanistice\/wp-content\/uploads\/2024\/11\/Plan-de-invatamant_022.3-Filozofie_Filosofia-stiintei-si-tehnicii-zi-2024-2025.docx\">Plan de \u00eenv\u0103\u021b\u0103m\u00e2nt_022.3 Filozofie_Filosofia \u0219tiin\u021bei \u0219i tehnicii (zi) 2024-2025<\/a> <\/strong><\/p>\n<p><strong><a href=\"https:\/\/doctorat.usm.md\/umanistice\/wp-content\/uploads\/2024\/11\/Plan-de-invatamant_022.3-Filozofie_Filosofia-stiintei-si-tehnicii-fr-2024-2025.docx\">Plan de \u00eenv\u0103\u021b\u0103m\u00e2nt_022.3 Filozofie_Filosofia \u0219tiin\u021bei \u0219i tehnicii (fr) 2024-2025<\/a> <\/strong><\/p>\n<p><strong><a href=\"https:\/\/doctorat.usm.md\/umanistice\/wp-content\/uploads\/2024\/11\/Plan-de-invatamant_022.2-Istorie-si-arheologie_Istoria-stiintei-si-tehnicii-pe-domenii-zi-2024-2025.docx\">Plan de \u00eenv\u0103\u021b\u0103m\u00e2nt_022.2 Istorie \u0219i arheologie_Istoria \u0219tiin\u021bei \u0219i tehnicii (pe domenii) (zi) 2024-2025<\/a><\/strong><\/p>\n","protected":false},"excerpt":{"rendered":"<p>Plan de \u00eenv\u0103\u021b\u0103m\u00e2nt_022.2 Istorie \u0219i arheologie_Istoria \u0219tiin\u021bei \u0219i tehnicii (pe domenii) (fr) 2024-2025 Plan de \u00eenv\u0103\u021b\u0103m\u00e2nt_022.2 Istorie \u0219i arheologie_Istoria rom\u00e2nilor (pe perioade) (zi) 2024-2025 Plan de \u00eenv\u0103\u021b\u0103m\u00e2nt_022.2 Istorie \u0219i arheologie_Istoria rom\u00e2nilor (pe perioade) (fr) 2024-2025 Plan de \u00eenv\u0103\u021b\u0103m\u00e2nt_022.2 Istorie \u0219i arheologie_Arheologia (fr) 2024-2025 Plan de \u00eenv\u0103\u021b\u0103m\u00e2nt_022.2 Istorie \u0219i arheologie_Arheologia (zi) 2024-2025 Plan de \u00eenv\u0103\u021b\u0103m\u00e2nt_011.1 \u0218tiin\u021be&hellip; <br \/> <a class=\"read-more\" href=\"https:\/\/doctorat.usm.md\/umanistice\/?page_id=855\">Cite\u0219te mai mult<\/a><\/p>\n","protected":false},"author":1,"featured_media":0,"parent":0,"menu_order":0,"comment_status":"closed","ping_status":"closed","template":"","meta":{"footnotes":""},"class_list":["post-855","page","type-page","status-publish","hentry"],"rttpg_featured_image_url":null,"rttpg_author":{"display_name":"mastermargarita","author_link":"https:\/\/doctorat.usm.md\/umanistice\/?author=1"},"rttpg_comment":0,"rttpg_category":null,"rttpg_excerpt":"Plan de \u00eenv\u0103\u021b\u0103m\u00e2nt_022.2 Istorie \u0219i arheologie_Istoria \u0219tiin\u021bei \u0219i tehnicii (pe domenii) (fr) 2024-2025 Plan de \u00eenv\u0103\u021b\u0103m\u00e2nt_022.2 Istorie \u0219i arheologie_Istoria rom\u00e2nilor (pe perioade) (zi) 2024-2025 Plan de \u00eenv\u0103\u021b\u0103m\u00e2nt_022.2 Istorie \u0219i arheologie_Istoria rom\u00e2nilor (pe perioade) (fr) 2024-2025 Plan de \u00eenv\u0103\u021b\u0103m\u00e2nt_022.2 Istorie \u0219i arheologie_Arheologia (fr) 2024-2025 Plan de \u00eenv\u0103\u021b\u0103m\u00e2nt_022.2 Istorie \u0219i arheologie_Arheologia (zi) 2024-2025 Plan de \u00eenv\u0103\u021b\u0103m\u00e2nt_011.1 \u0218tiin\u021be&hellip;&hellip;","_links":{"self":[{"href":"https:\/\/doctorat.usm.md\/umanistice\/index.php?rest_route=\/wp\/v2\/pages\/855","targetHints":{"allow":["GET"]}}],"collection":[{"href":"https:\/\/doctorat.usm.md\/umanistice\/index.php?rest_route=\/wp\/v2\/pages"}],"about":[{"href":"https:\/\/doctorat.usm.md\/umanistice\/index.php?rest_route=\/wp\/v2\/types\/page"}],"author":[{"embeddable":true,"href":"https:\/\/doctorat.usm.md\/umanistice\/index.php?rest_route=\/wp\/v2\/users\/1"}],"replies":[{"embeddable":true,"href":"https:\/\/doctorat.usm.md\/umanistice\/index.php?rest_route=%2Fwp%2Fv2%2Fcomments&post=855"}],"version-history":[{"count":1,"href":"https:\/\/doctorat.usm.md\/umanistice\/index.php?rest_route=\/wp\/v2\/pages\/855\/revisions"}],"predecessor-version":[{"id":878,"href":"https:\/\/doctorat.usm.md\/umanistice\/index.php?rest_route=\/wp\/v2\/pages\/855\/revisions\/878"}],"wp:attachment":[{"href":"https:\/\/doctorat.usm.md\/umanistice\/index.php?rest_route=%2Fwp%2Fv2%2Fmedia&parent=855"}],"curies":[{"name":"wp","href":"https:\/\/api.w.org\/{rel}","templated":true}]}}